
{"id":987514972,"date":"2023-08-02T16:43:53","date_gmt":"2023-08-02T16:43:53","guid":{"rendered":"https:\/\/europeancampinggroup.server-prod.com\/mentions-legales\/"},"modified":"2023-09-27T13:21:10","modified_gmt":"2023-09-27T13:21:10","slug":"legal-notice","status":"publish","type":"page","link":"https:\/\/www.ecg.camp\/en\/legal-notice\/","title":{"rendered":"Legal notice"},"content":{"rendered":"<p>[et_pb_section fb_built=&#8221;1&#8243; custom_padding_last_edited=&#8221;on|phone&#8221; next_background_color=&#8221;#ffffff&#8221; disabled_on=&#8221;on|on|on&#8221; admin_label=&#8221;section&#8221; _builder_version=&#8221;4.22.1&#8243; use_background_color_gradient=&#8221;on&#8221; background_color_gradient_stops=&#8221;rgba(0,0,0,0.05) 0%|rgba(0,0,0,0.15) 100%&#8221; background_color_gradient_overlays_image=&#8221;on&#8221; background_image=&#8221;https:\/\/www.ecg.camp\/wp-content\/uploads\/2023\/07\/contact-european-camping-group.jpg&#8221; background_position=&#8221;top_center&#8221; background_vertical_offset=&#8221;43%&#8221; custom_padding=&#8221;11%||11%||true|false&#8221; custom_padding_tablet=&#8221;15%||15%||true|false&#8221; custom_padding_phone=&#8221;20%||20%||true|false&#8221; bottom_divider_style=&#8221;wave&#8221; bottom_divider_height=&#8221;50px&#8221; disabled=&#8221;on&#8221; global_colors_info=&#8221;{}&#8221;][et_pb_row admin_label=&#8221;row&#8221; _builder_version=&#8221;4.16&#8243; background_size=&#8221;initial&#8221; background_position=&#8221;top_left&#8221; background_repeat=&#8221;repeat&#8221; global_colors_info=&#8221;{}&#8221;][et_pb_column type=&#8221;4_4&#8243; _builder_version=&#8221;4.16&#8243; custom_padding=&#8221;|||&#8221; global_colors_info=&#8221;{}&#8221; custom_padding__hover=&#8221;|||&#8221;][et_pb_text _builder_version=&#8221;4.21.0&#8243; _module_preset=&#8221;default&#8221; header_font=&#8221;|700||on|||||&#8221; header_font_size=&#8221;55px&#8221; text_orientation=&#8221;center&#8221; background_layout=&#8221;dark&#8221; header_font_size_tablet=&#8221;40px&#8221; header_font_size_phone=&#8221;30px&#8221; header_font_size_last_edited=&#8221;on|phone&#8221; global_colors_info=&#8221;{}&#8221;]<\/p>\n<h1>Mentions l\u00e9gales<\/h1>\n<p>[\/et_pb_text][\/et_pb_column][\/et_pb_row][\/et_pb_section][et_pb_section fb_built=&#8221;1&#8243; fullwidth=&#8221;on&#8221; custom_padding_last_edited=&#8221;on|phone&#8221; next_background_color=&#8221;#ffffff&#8221; _builder_version=&#8221;4.22.1&#8243; _module_preset=&#8221;default&#8221; use_background_color_gradient=&#8221;on&#8221; background_color_gradient_stops=&#8221;rgba(0,0,0,0.5) 0%|rgba(0,0,0,0.5) 100%&#8221; background_color_gradient_overlays_image=&#8221;on&#8221; background_image=&#8221;https:\/\/www.ecg.camp\/wp-content\/uploads\/2023\/07\/prairies-european-camping-group.jpg&#8221; background_position=&#8221;top_center&#8221; background_vertical_offset=&#8221;50%&#8221; custom_padding=&#8221;||||false|false&#8221; custom_padding_tablet=&#8221;15%||15%||true|false&#8221; custom_padding_phone=&#8221;20%||20%||true|false&#8221; bottom_divider_style=&#8221;wave&#8221; hover_enabled=&#8221;0&#8243; global_colors_info=&#8221;{}&#8221; sticky_enabled=&#8221;0&#8243;][et_pb_fullwidth_slider _builder_version=&#8221;4.22.1&#8243; _module_preset=&#8221;default&#8221; header_level=&#8221;h1&#8243; header_font=&#8221;|600|||||||&#8221; header_text_align=&#8221;left&#8221; header_font_size=&#8221;46px&#8221; header_line_height=&#8221;1.2em&#8221; content_width=&#8221;100%&#8221; content_max_width=&#8221;1100px&#8221; custom_padding=&#8221;22%|0px|24%|0px|false|false&#8221; custom_padding_tablet=&#8221;15%||15%||true|false&#8221; custom_padding_phone=&#8221;20%||20%||true|false&#8221; custom_padding_last_edited=&#8221;on|phone&#8221; header_font_size_tablet=&#8221;40px&#8221; header_font_size_phone=&#8221;28px&#8221; header_font_size_last_edited=&#8221;on|phone&#8221; global_colors_info=&#8221;{}&#8221;][et_pb_slide heading=&#8221;MENTIONS L\u00c9GALES&#8221; _builder_version=&#8221;4.22.1&#8243; _module_preset=&#8221;default&#8221; header_level=&#8221;h1&#8243; header_font=&#8221;|700||on|||||&#8221; header_text_align=&#8221;center&#8221; header_font_size=&#8221;55px&#8221; background_enable_color=&#8221;off&#8221; use_background_color_gradient=&#8221;on&#8221; background_color_gradient_stops=&#8221;rgba(0,0,0,0.05) 0%|rgba(0,0,0,0.15) 100%&#8221; background_color_gradient_overlays_image=&#8221;on&#8221; background_image=&#8221;https:\/\/www.ecg.camp\/wp-content\/uploads\/2023\/07\/contact-european-camping-group.jpg&#8221; background_enable_image=&#8221;on&#8221; header_font_size_tablet=&#8221;&#8221; header_font_size_phone=&#8221;30px&#8221; header_font_size_last_edited=&#8221;on|desktop&#8221; global_colors_info=&#8221;{}&#8221; sticky_transition=&#8221;on&#8221;][\/et_pb_slide][\/et_pb_fullwidth_slider][\/et_pb_section][et_pb_section fb_built=&#8221;1&#8243; _builder_version=&#8221;4.19.5&#8243; _module_preset=&#8221;default&#8221; custom_padding=&#8221;0px||30px||false|false&#8221; global_colors_info=&#8221;{}&#8221;][et_pb_row use_custom_gutter=&#8221;on&#8221; gutter_width=&#8221;2&#8243; _builder_version=&#8221;4.19.5&#8243; _module_preset=&#8221;default&#8221; custom_padding=&#8221;20px||0px||false|false&#8221; global_colors_info=&#8221;{}&#8221;][et_pb_column type=&#8221;4_4&#8243; _builder_version=&#8221;4.19.5&#8243; _module_preset=&#8221;default&#8221; global_colors_info=&#8221;{}&#8221;][et_pb_text module_class=&#8221;cls-first-letter&#8221; _builder_version=&#8221;4.21.0&#8243; _module_preset=&#8221;default&#8221; header_2_font=&#8221;|800||on|||||&#8221; header_2_text_color=&#8221;#2a4794&#8243; header_2_font_size=&#8221;50px&#8221; custom_margin_tablet=&#8221;&#8221; custom_margin_phone=&#8221;||10px||false|false&#8221; custom_margin_last_edited=&#8221;on|phone&#8221; header_2_font_size_tablet=&#8221;42px&#8221; header_2_font_size_phone=&#8221;36px&#8221; header_2_font_size_last_edited=&#8221;on|tablet&#8221; global_colors_info=&#8221;{}&#8221;]<\/p>\n<h2>Mentions<br \/>\n<span class=\"cls-back\">L\u00e9gales<\/span><\/h2>\n<p>[\/et_pb_text][et_pb_text _builder_version=&#8221;4.21.0&#8243; _module_preset=&#8221;default&#8221; custom_margin=&#8221;30px||30px||false|false&#8221; global_colors_info=&#8221;{}&#8221;]<\/p>\n<p><strong>D\u00e9nomination sociale :<\/strong><br \/>ECG Holding SAS, soci\u00e9t\u00e9 par actions simplifi\u00e9e au capital de 211 539 049 euros<\/p>\n<p><strong>Adresse du si\u00e8ge social : <\/strong><br \/>570, avenue du Club Hippique Immeuble Le Derby 13097 Aix-en-Provence Cedex 02<\/p>\n<p><strong>Num\u00e9ro de t\u00e9l\u00e9phone : <\/strong><br \/><a href=\"tel:0033442591432\">+33442591432<\/a><\/p>\n<p><strong>Adresse de courrier \u00e9lectronique : <\/strong><br \/><a href=\"mailto:info@europeancampinggroup.com\">info@europeancampinggroup.com<\/a><\/p>\n<p><strong>Nom du directeur de la publication : <\/strong><br \/>Philippe de Tr\u00e9miolles<\/p>\n<p>[\/et_pb_text][\/et_pb_column][\/et_pb_row][\/et_pb_section]<\/p>\n","protected":false},"excerpt":{"rendered":"<p>Mentions l\u00e9galesMentions L\u00e9galesD\u00e9nomination sociale :ECG Holding SAS, soci\u00e9t\u00e9 par actions simplifi\u00e9e au capital de 211 539 049 euros Adresse du si\u00e8ge social : 570, avenue du Club Hippique Immeuble Le Derby 13097 Aix-en-Provence Cedex 02 Num\u00e9ro de t\u00e9l\u00e9phone : +33442591432 Adresse de courrier \u00e9lectronique : info@europeancampinggroup.com Nom du directeur de la publication : Philippe de [&hellip;]<\/p>\n","protected":false},"author":8,"featured_media":0,"parent":0,"menu_order":0,"comment_status":"closed","ping_status":"closed","template":"","meta":{"_et_pb_use_builder":"on","_et_pb_old_content":"","_et_gb_content_width":"","footnotes":""},"class_list":["post-987514972","page","type-page","status-publish","hentry"],"yoast_head":"<!-- This site is optimized with the Yoast SEO plugin v27.6 - https:\/\/yoast.com\/product\/yoast-seo-wordpress\/ -->\n<title>Legal notice - ECG<\/title>\n<meta name=\"robots\" content=\"index, follow, max-snippet:-1, max-image-preview:large, max-video-preview:-1\" \/>\n<link rel=\"canonical\" href=\"https:\/\/www.ecg.camp\/mentions-legales\/\" \/>\n<meta property=\"og:locale\" content=\"en_US\" \/>\n<meta property=\"og:type\" content=\"article\" \/>\n<meta property=\"og:title\" content=\"Legal notice - ECG\" \/>\n<meta property=\"og:description\" content=\"Mentions l\u00e9galesMentions L\u00e9galesD\u00e9nomination sociale :ECG Holding SAS, soci\u00e9t\u00e9 par actions simplifi\u00e9e au capital de 211 539 049 euros Adresse du si\u00e8ge social : 570, avenue du Club Hippique Immeuble Le Derby 13097 Aix-en-Provence Cedex 02 Num\u00e9ro de t\u00e9l\u00e9phone : +33442591432 Adresse de courrier \u00e9lectronique : info@europeancampinggroup.com Nom du directeur de la publication : Philippe de [&hellip;]\" \/>\n<meta property=\"og:url\" content=\"https:\/\/www.ecg.camp\/mentions-legales\/\" \/>\n<meta property=\"og:site_name\" content=\"ECG\" \/>\n<meta property=\"article:modified_time\" content=\"2023-09-27T13:21:10+00:00\" \/>\n<meta name=\"twitter:card\" content=\"summary_large_image\" \/>\n<meta name=\"twitter:label1\" content=\"Est. reading time\" \/>\n\t<meta name=\"twitter:data1\" content=\"3 minutes\" \/>\n<script type=\"application\/ld+json\" class=\"yoast-schema-graph\">{\"@context\":\"https:\\\/\\\/schema.org\",\"@graph\":[{\"@type\":\"WebPage\",\"@id\":\"https:\\\/\\\/www.ecg.camp\\\/mentions-legales\\\/\",\"url\":\"https:\\\/\\\/www.ecg.camp\\\/mentions-legales\\\/\",\"name\":\"Legal notice - ECG\",\"isPartOf\":{\"@id\":\"https:\\\/\\\/www.ecg.camp\\\/#website\"},\"datePublished\":\"2023-08-02T16:43:53+00:00\",\"dateModified\":\"2023-09-27T13:21:10+00:00\",\"breadcrumb\":{\"@id\":\"https:\\\/\\\/www.ecg.camp\\\/mentions-legales\\\/#breadcrumb\"},\"inLanguage\":\"en-US\",\"potentialAction\":[{\"@type\":\"ReadAction\",\"target\":[\"https:\\\/\\\/www.ecg.camp\\\/mentions-legales\\\/\"]}]},{\"@type\":\"BreadcrumbList\",\"@id\":\"https:\\\/\\\/www.ecg.camp\\\/mentions-legales\\\/#breadcrumb\",\"itemListElement\":[{\"@type\":\"ListItem\",\"position\":1,\"name\":\"Accueil\",\"item\":\"https:\\\/\\\/www.ecg.camp\\\/en\\\/\"},{\"@type\":\"ListItem\",\"position\":2,\"name\":\"Legal notice\"}]},{\"@type\":\"WebSite\",\"@id\":\"https:\\\/\\\/www.ecg.camp\\\/#website\",\"url\":\"https:\\\/\\\/www.ecg.camp\\\/\",\"name\":\"ECG\",\"description\":\"\",\"potentialAction\":[{\"@type\":\"SearchAction\",\"target\":{\"@type\":\"EntryPoint\",\"urlTemplate\":\"https:\\\/\\\/www.ecg.camp\\\/?s={search_term_string}\"},\"query-input\":{\"@type\":\"PropertyValueSpecification\",\"valueRequired\":true,\"valueName\":\"search_term_string\"}}],\"inLanguage\":\"en-US\"}]}<\/script>\n<!-- \/ Yoast SEO plugin. -->","yoast_head_json":{"title":"Legal notice - ECG","robots":{"index":"index","follow":"follow","max-snippet":"max-snippet:-1","max-image-preview":"max-image-preview:large","max-video-preview":"max-video-preview:-1"},"canonical":"https:\/\/www.ecg.camp\/mentions-legales\/","og_locale":"en_US","og_type":"article","og_title":"Legal notice - ECG","og_description":"Mentions l\u00e9galesMentions L\u00e9galesD\u00e9nomination sociale :ECG Holding SAS, soci\u00e9t\u00e9 par actions simplifi\u00e9e au capital de 211 539 049 euros Adresse du si\u00e8ge social : 570, avenue du Club Hippique Immeuble Le Derby 13097 Aix-en-Provence Cedex 02 Num\u00e9ro de t\u00e9l\u00e9phone : +33442591432 Adresse de courrier \u00e9lectronique : info@europeancampinggroup.com Nom du directeur de la publication : Philippe de [&hellip;]","og_url":"https:\/\/www.ecg.camp\/mentions-legales\/","og_site_name":"ECG","article_modified_time":"2023-09-27T13:21:10+00:00","twitter_card":"summary_large_image","twitter_misc":{"Est. reading time":"3 minutes"},"schema":{"@context":"https:\/\/schema.org","@graph":[{"@type":"WebPage","@id":"https:\/\/www.ecg.camp\/mentions-legales\/","url":"https:\/\/www.ecg.camp\/mentions-legales\/","name":"Legal notice - ECG","isPartOf":{"@id":"https:\/\/www.ecg.camp\/#website"},"datePublished":"2023-08-02T16:43:53+00:00","dateModified":"2023-09-27T13:21:10+00:00","breadcrumb":{"@id":"https:\/\/www.ecg.camp\/mentions-legales\/#breadcrumb"},"inLanguage":"en-US","potentialAction":[{"@type":"ReadAction","target":["https:\/\/www.ecg.camp\/mentions-legales\/"]}]},{"@type":"BreadcrumbList","@id":"https:\/\/www.ecg.camp\/mentions-legales\/#breadcrumb","itemListElement":[{"@type":"ListItem","position":1,"name":"Accueil","item":"https:\/\/www.ecg.camp\/en\/"},{"@type":"ListItem","position":2,"name":"Legal notice"}]},{"@type":"WebSite","@id":"https:\/\/www.ecg.camp\/#website","url":"https:\/\/www.ecg.camp\/","name":"ECG","description":"","potentialAction":[{"@type":"SearchAction","target":{"@type":"EntryPoint","urlTemplate":"https:\/\/www.ecg.camp\/?s={search_term_string}"},"query-input":{"@type":"PropertyValueSpecification","valueRequired":true,"valueName":"search_term_string"}}],"inLanguage":"en-US"}]}},"_links":{"self":[{"href":"https:\/\/www.ecg.camp\/en\/wp-json\/wp\/v2\/pages\/987514972","targetHints":{"allow":["GET"]}}],"collection":[{"href":"https:\/\/www.ecg.camp\/en\/wp-json\/wp\/v2\/pages"}],"about":[{"href":"https:\/\/www.ecg.camp\/en\/wp-json\/wp\/v2\/types\/page"}],"author":[{"embeddable":true,"href":"https:\/\/www.ecg.camp\/en\/wp-json\/wp\/v2\/users\/8"}],"replies":[{"embeddable":true,"href":"https:\/\/www.ecg.camp\/en\/wp-json\/wp\/v2\/comments?post=987514972"}],"version-history":[{"count":2,"href":"https:\/\/www.ecg.camp\/en\/wp-json\/wp\/v2\/pages\/987514972\/revisions"}],"predecessor-version":[{"id":987515321,"href":"https:\/\/www.ecg.camp\/en\/wp-json\/wp\/v2\/pages\/987514972\/revisions\/987515321"}],"wp:attachment":[{"href":"https:\/\/www.ecg.camp\/en\/wp-json\/wp\/v2\/media?parent=987514972"}],"curies":[{"name":"wp","href":"https:\/\/api.w.org\/{rel}","templated":true}]}}